{"id":569,"date":"2015-04-07T19:07:49","date_gmt":"2015-04-07T17:07:49","guid":{"rendered":"http:\/\/apartment-weitblick.de\/?page_id=569"},"modified":"2015-06-29T20:36:26","modified_gmt":"2015-06-29T18:36:26","slug":"gaestebuch","status":"publish","type":"page","link":"https:\/\/apartment-weitblick.de\/?page_id=569","title":{"rendered":"G\u00e4stebuch"},"content":{"rendered":"<p>Das G\u00e4stebuch steht allen Besucherinnen und Besuchern f\u00fcr Anregungen, Lob und Kritik offen.<br \/>\nWir freuen uns auf Ihre Beitr\u00e4ge!<\/p>\n<p><script>\n  (function(i,s,o,g,r,a,m){i['GoogleAnalyticsObject']=r;i[r]=i[r]||function(){\n  (i[r].q=i[r].q||[]).push(arguments)},i[r].l=1*new Date();a=s.createElement(o),\n  m=s.getElementsByTagName(o)[0];a.async=1;a.src=g;m.parentNode.insertBefore(a,m)\n  })(window,document,'script','\/\/www.google-analytics.com\/analytics.js','ga');<\/p>\n<p>  ga('create', 'UA-64615437-1', 'auto');\n  ga('send', 'pageview');<\/p>\n<p><\/script><\/p>\n","protected":false},"excerpt":{"rendered":"<p>Das G\u00e4stebuch steht allen Besucherinnen und Besuchern f\u00fcr Anregungen, Lob und Kritik offen. Wir freuen uns auf Ihre Beitr\u00e4ge!<\/p>\n","protected":false},"author":2,"featured_media":0,"parent":0,"menu_order":7,"comment_status":"open","ping_status":"closed","template":"","meta":[],"_links":{"self":[{"href":"https:\/\/apartment-weitblick.de\/index.php?rest_route=\/wp\/v2\/pages\/569"}],"collection":[{"href":"https:\/\/apartment-weitblick.de\/index.php?rest_route=\/wp\/v2\/pages"}],"about":[{"href":"https:\/\/apartment-weitblick.de\/index.php?rest_route=\/wp\/v2\/types\/page"}],"author":[{"embeddable":true,"href":"https:\/\/apartment-weitblick.de\/index.php?rest_route=\/wp\/v2\/users\/2"}],"replies":[{"embeddable":true,"href":"https:\/\/apartment-weitblick.de\/index.php?rest_route=%2Fwp%2Fv2%2Fcomments&post=569"}],"version-history":[{"count":2,"href":"https:\/\/apartment-weitblick.de\/index.php?rest_route=\/wp\/v2\/pages\/569\/revisions"}],"predecessor-version":[{"id":687,"href":"https:\/\/apartment-weitblick.de\/index.php?rest_route=\/wp\/v2\/pages\/569\/revisions\/687"}],"wp:attachment":[{"href":"https:\/\/apartment-weitblick.de\/index.php?rest_route=%2Fwp%2Fv2%2Fmedia&parent=569"}],"curies":[{"name":"wp","href":"https:\/\/api.w.org\/{rel}","templated":true}]}}