{"id":4,"date":"2013-06-09T17:09:20","date_gmt":"2013-06-09T15:09:20","guid":{"rendered":"http:\/\/apartment-weitblick.de\/wordpress\/?page_id=4"},"modified":"2018-01-06T19:13:49","modified_gmt":"2018-01-06T17:13:49","slug":"startseite","status":"publish","type":"page","link":"https:\/\/apartment-weitblick.de\/","title":{"rendered":"Startseite"},"content":{"rendered":"<h3 style=\"text-align: center;\">\u00a0<strong><span style=\"font-size: small;\"><span style=\"font-size: medium;\">Apartment-Weitblick<\/span><\/span><\/strong><\/h3>\n<p style=\"text-align: center;\"><span style=\"font-size: medium;\"> Die Ferienwohnungen in Heiligenhafen an der Ostsee<\/span><\/p>\n<p style=\"padding-left: 30px;\"><span style=\"font-size: medium;\">Sie suchen eine Ferienwohnung f\u00fcr einen ruhigen, angenehmen Aufenthalt in Heiligenhafen an der Ostsee?<\/span><\/p>\n<p style=\"padding-left: 30px;\"><span style=\"font-size: medium;\">\u2026 Dann sind sie bei uns genau richtig. Wir vermieten Appartements im Ferienpark von Heiligenhafen.<\/span><\/p>\n<p style=\"padding-left: 30px;\"><span style=\"font-size: medium;\">Bei uns finden sie preiswerte und nette Ferienwohnungen f\u00fcr einen sch\u00f6nen Familienurlaub in Strandn\u00e4he!<\/span><\/p>\n<p>&nbsp;<\/p>\n<p><span style=\"font-size: x-small;\">Zum Routenplaner auf <a title=\"Planen Sie ihren Weg zu uns\" href=\"https:\/\/maps.google.com\/maps\/ms?msid=203441768476701303759.0004d6e4c0bab598fcf5b&amp;msa=0&amp;ll=54.370259,10.967274&amp;spn=0.0536,0.110378\" target=\"_blank\" rel=\"noopener\">Google Maps<\/a><\/span><\/p>\n<p><code><iframe src=\"https:\/\/maps.google.com\/maps\/ms?msid=203441768476701303759.0004d6e4c0bab598fcf5b&amp;msa=0&amp;ie=UTF8&amp;t=m&amp;ll=54.370259,10.967274&amp;spn=0.035,0.109863&amp;z=13&amp;output=embed\" width=\"640\" height=\"350\" frameborder=\"0\" marginwidth=\"0\" marginheight=\"0\" scrolling=\"no\"><\/iframe><br \/>\n<small><a style=\"color: #0000ff; text-align: left;\" href=\"https:\/\/maps.google.com\/maps\/ms?msid=203441768476701303759.0004d6e4c0bab598fcf5b&amp;msa=0&amp;ie=UTF8&amp;t=m&amp;ll=54.370259,10.967274&amp;spn=0.035,0.109863&amp;z=13&amp;source=embed\" target=\"_blank\" rel=\"noopener\">Apartment Weitblick<\/a> auf einer gr\u00f6\u00dferen Karte anzeigen<\/small><\/code><\/p>\n<p><script>\/\/ <![CDATA[ (function(i,s,o,g,r,a,m){i['GoogleAnalyticsObject']=r;i[r]=i[r]||function(){ (i[r].q=i[r].q||[]).push(arguments)},i[r].l=1*new Date();a=s.createElement(o), m=s.getElementsByTagName(o)[0];a.async=1;a.src=g;m.parentNode.insertBefore(a,m) })(window,document,'script','\/\/www.google-analytics.com\/analytics.js','ga'); ga('create', 'UA-64615437-1', 'auto'); ga('send', 'pageview'); \/\/ ]]><\/script><\/p>\n<p>&nbsp;<\/p>\n","protected":false},"excerpt":{"rendered":"<p>\u00a0Apartment-Weitblick Die Ferienwohnungen in Heiligenhafen an der Ostsee Sie suchen eine Ferienwohnung f\u00fcr einen ruhigen, angenehmen Aufenthalt in Heiligenhafen an der Ostsee? \u2026 Dann sind sie bei uns genau richtig. Wir vermieten Appartements im Ferienpark von Heiligenhafen. Bei uns finden &hellip; <a href=\"https:\/\/apartment-weitblick.de\/\">Weiterlesen <span class=\"meta-nav\">&rarr;<\/span><\/a><\/p>\n","protected":false},"author":2,"featured_media":0,"parent":0,"menu_order":0,"comment_status":"closed","ping_status":"closed","template":"","meta":[],"_links":{"self":[{"href":"https:\/\/apartment-weitblick.de\/index.php?rest_route=\/wp\/v2\/pages\/4"}],"collection":[{"href":"https:\/\/apartment-weitblick.de\/index.php?rest_route=\/wp\/v2\/pages"}],"about":[{"href":"https:\/\/apartment-weitblick.de\/index.php?rest_route=\/wp\/v2\/types\/page"}],"author":[{"embeddable":true,"href":"https:\/\/apartment-weitblick.de\/index.php?rest_route=\/wp\/v2\/users\/2"}],"replies":[{"embeddable":true,"href":"https:\/\/apartment-weitblick.de\/index.php?rest_route=%2Fwp%2Fv2%2Fcomments&post=4"}],"version-history":[{"count":25,"href":"https:\/\/apartment-weitblick.de\/index.php?rest_route=\/wp\/v2\/pages\/4\/revisions"}],"predecessor-version":[{"id":891,"href":"https:\/\/apartment-weitblick.de\/index.php?rest_route=\/wp\/v2\/pages\/4\/revisions\/891"}],"wp:attachment":[{"href":"https:\/\/apartment-weitblick.de\/index.php?rest_route=%2Fwp%2Fv2%2Fmedia&parent=4"}],"curies":[{"name":"wp","href":"https:\/\/api.w.org\/{rel}","templated":true}]}}