{"id":32,"date":"2013-06-09T17:15:29","date_gmt":"2013-06-09T15:15:29","guid":{"rendered":"http:\/\/apartment-weitblick.de\/wordpress\/?page_id=32"},"modified":"2017-12-20T14:14:07","modified_gmt":"2017-12-20T12:14:07","slug":"ausflugsziele","status":"publish","type":"page","link":"https:\/\/apartment-weitblick.de\/?page_id=32","title":{"rendered":"Ausflugsziele"},"content":{"rendered":"<p>&nbsp;<\/p>\n<table>\n<tbody>\n<tr>\n<td style=\"text-align: center;\">&nbsp;<\/p>\n<p><strong>Tourismus-Service Heiligenhafen<\/strong><\/td>\n<td>&nbsp;<\/p>\n<p><a title=\"Heiligenhafen - Touristik\" href=\"http:\/\/www.heiligenhafen-touristik.de\/startseite.html\" target=\"_blank\" rel=\"noopener\">Tourismus-Service Heiligenhafen:<\/a>\u00a0Informationen \u00fcber Heiligenhafen und rund um das &#8222;Sonnendeck der Ostsee&#8220; gibt es hier.<\/td>\n<\/tr>\n<tr>\n<td style=\"text-align: center;\">&nbsp;<\/p>\n<p><strong>Aktiv-Hus Heiligenhafen<\/strong><\/td>\n<td>&nbsp;<\/p>\n<p><a title=\"Aktiv-Hus Heiligenhafen\" href=\"http:\/\/www.aktiv-hus.de\/home.html\" target=\"_blank\" rel=\"noopener\">Aktiv-Hus Heiligenhafen:<\/a>\u00a0Hier\u00a0finden Sie alles, was Ihren Urlaub erst richtig sch\u00f6n macht, unter einem Dach.<\/td>\n<\/tr>\n<tr>\n<td style=\"text-align: center;\">&nbsp;<\/p>\n<p><strong><strong>Spa Aktiv-Hus Heiligenhafen<\/strong><\/strong><\/td>\n<td>&nbsp;<\/p>\n<p><a title=\"Aktiv-Hus Spa\" href=\"http:\/\/www.aktiv-hus-spa.de\/\" target=\"_blank\" rel=\"noopener\">Aktiv-Hus Spa:<\/a>\u00a0Im &#8222;Aktiv-Hus Spa&#8220; erwartet sie eine Oase f\u00fcr Ihr k\u00f6rperliches Wohlempfinden.<\/td>\n<\/tr>\n<tr>\n<td style=\"text-align: center;\"><strong><strong><br \/>\nU-Boot Museum Fehmarn<\/strong><\/strong><\/td>\n<td><span style=\"color: #000000;\"><a title=\"U-Bootmuseum Fehmarn\" href=\"http:\/\/www.ostsee-u-boot.de\" target=\"_blank\" rel=\"noopener\"><br \/>\nU-Boot Museum Fehmarn:<\/a> <\/span>Das Erlebnis f\u00fcr die ganze Familie. <span style=\"color: #000000;\">Besichtigen Sie das U-Boot von innen und f\u00fchlen Sie sich wie ein richtiges Mitglied der ehemaligen Besatzung.<\/span><\/td>\n<\/tr>\n<tr>\n<td style=\"text-align: center;\"><strong><strong><br \/>\nScandlines<\/strong><\/strong><\/td>\n<td><a title=\"http:\/\/www.scandlines.de\/\" href=\"http:\/\/www.scandlines.de\/\" target=\"_blank\" rel=\"noopener\"><br \/>\nScandlines:<\/a> Wie w\u00e4re es mit einem Tagesausflug \u00fcber die Ostsee? Fahren Sie doch mal mit der F\u00e4hre von Puttgarden nach R\u00f8dby (DK)<\/td>\n<\/tr>\n<tr>\n<td style=\"text-align: center;\"><strong><strong><br \/>\nHANSA-PARK<\/strong><\/strong><\/td>\n<td><a title=\"http:\/\/www.hansapark.de\" href=\"http:\/\/www.hansapark.de\" target=\"_blank\" rel=\"noopener\"><br \/>\nDer HANSA-PARK:<\/a> Deutschlands einziger Erlebnispark am Meer bietet Ihnen ein unvergleichliches maritimes Freizeitvergn\u00fcgen<\/td>\n<\/tr>\n<tr>\n<td style=\"text-align: center;\"><strong><strong><br \/>\nSubtropisches Badeparadies<\/strong><\/strong><\/td>\n<td><a title=\"http:\/\/subtropisches-badeparadies.de\" href=\"http:\/\/subtropisches-badeparadies.de\" target=\"_blank\" rel=\"noopener\"><br \/>\nSubtropisches Badeparadies:<\/a> Am Weissenh\u00e4user Strand entstand mit dem Subtropischen Badeparadies eine Freizeitattraktion der neuesten Generation.<\/td>\n<\/tr>\n<\/tbody>\n<\/table>\n<p>&nbsp;<\/p>\n<p>&nbsp;<\/p>\n<p>&nbsp;<\/p>\n<p><script>\n  (function(i,s,o,g,r,a,m){i['GoogleAnalyticsObject']=r;i[r]=i[r]||function(){\n  (i[r].q=i[r].q||[]).push(arguments)},i[r].l=1*new Date();a=s.createElement(o),\n  m=s.getElementsByTagName(o)[0];a.async=1;a.src=g;m.parentNode.insertBefore(a,m)\n  })(window,document,'script','\/\/www.google-analytics.com\/analytics.js','ga');<\/p>\n<p>  ga('create', 'UA-64615437-1', 'auto');\n  ga('send', 'pageview');<\/p>\n<p><\/script><\/p>\n","protected":false},"excerpt":{"rendered":"<p>&nbsp; &nbsp; Tourismus-Service Heiligenhafen &nbsp; Tourismus-Service Heiligenhafen:\u00a0Informationen \u00fcber Heiligenhafen und rund um das &#8222;Sonnendeck der Ostsee&#8220; gibt es hier. &nbsp; Aktiv-Hus Heiligenhafen &nbsp; Aktiv-Hus Heiligenhafen:\u00a0Hier\u00a0finden Sie alles, was Ihren Urlaub erst richtig sch\u00f6n macht, unter einem Dach. &nbsp; Spa Aktiv-Hus &hellip; <a href=\"https:\/\/apartment-weitblick.de\/?page_id=32\">Weiterlesen <span class=\"meta-nav\">&rarr;<\/span><\/a><\/p>\n","protected":false},"author":2,"featured_media":0,"parent":0,"menu_order":4,"comment_status":"closed","ping_status":"closed","template":"","meta":[],"_links":{"self":[{"href":"https:\/\/apartment-weitblick.de\/index.php?rest_route=\/wp\/v2\/pages\/32"}],"collection":[{"href":"https:\/\/apartment-weitblick.de\/index.php?rest_route=\/wp\/v2\/pages"}],"about":[{"href":"https:\/\/apartment-weitblick.de\/index.php?rest_route=\/wp\/v2\/types\/page"}],"author":[{"embeddable":true,"href":"https:\/\/apartment-weitblick.de\/index.php?rest_route=\/wp\/v2\/users\/2"}],"replies":[{"embeddable":true,"href":"https:\/\/apartment-weitblick.de\/index.php?rest_route=%2Fwp%2Fv2%2Fcomments&post=32"}],"version-history":[{"count":25,"href":"https:\/\/apartment-weitblick.de\/index.php?rest_route=\/wp\/v2\/pages\/32\/revisions"}],"predecessor-version":[{"id":779,"href":"https:\/\/apartment-weitblick.de\/index.php?rest_route=\/wp\/v2\/pages\/32\/revisions\/779"}],"wp:attachment":[{"href":"https:\/\/apartment-weitblick.de\/index.php?rest_route=%2Fwp%2Fv2%2Fmedia&parent=32"}],"curies":[{"name":"wp","href":"https:\/\/api.w.org\/{rel}","templated":true}]}}